{"id":12,"date":"2011-04-15T03:28:07","date_gmt":"2011-04-15T01:28:07","guid":{"rendered":"http:\/\/sebastienlemesle.kegtux.org\/wordpress\/?page_id=12"},"modified":"2018-11-08T18:37:26","modified_gmt":"2018-11-08T17:37:26","slug":"liens","status":"publish","type":"page","link":"https:\/\/www.cadrenforme.com\/vitrine\/liens","title":{"rendered":"Liens"},"content":{"rendered":"<p><a title=\"Cadrenforme - Fabricant de cadres\" href=\"http:\/\/www.cadrenforme.com\"><img decoding=\"async\" class=\"aligncenter\" style=\"border: 0px solid; width: 200px; height: 50px;\" src=\"http:\/\/www.cadrenforme.com\/img\/vignette2.jpg\" alt=\"Cadrenforme - Fabricant de cadres\" \/><\/a><\/p>\n<p>&nbsp;<\/p>\n<address style=\"text-align: center;\"><a title=\"Bijoux en perles de Swarovski\" href=\"http:\/\/www.pluiedecreations.com\/\" target=\"_blank\" rel=\"noopener\">Pluie de cr\u00e9ations<\/a>,\u00a0<a title=\"Reosign - distribution de mat\u00e9riel de signalisation: marqueurs craie Kuretake \/ ZIG, Posterman &amp; Illumigraph, \u00e9tiquettes et ardoises r\u00e9utilisables \" href=\"http:\/\/www.reosign.com\/\" target=\"_blank\" rel=\"noopener\">Reosign<\/a>,\u00a0<a title=\"fontaine interieur\" href=\"http:\/\/www.aqua-sculptures.com\/\" target=\"_blank\" rel=\"noopener\">fontaine interieur<\/a>,\u00a0<a title=\"OnlineXpress, leader europ\u00e9en des cartouches et toners d'origine\" href=\"http:\/\/www.onlinexpress.fr\" target=\"_blank\" rel=\"noopener\">cartouches et toners<\/a>, <a title=\"fontaine design interieur\" href=\"http:\/\/www.fontaine-deco.com\/fontaine-design\/\" target=\"_blank\" rel=\"noopener\">Fontaine design interieur<\/a>,\u00a0<a title=\"jeanlouislovisa\" href=\"http:\/\/www.jeanlouislovisa.com\" target=\"_blank\" rel=\"noopener\">Lovisa paysagiste<\/a>,\u00a0<a title=\"Renov ' Fa\u00e7ades\" href=\"http:\/\/www.renov-facades.fr\" target=\"_blank\" rel=\"noopener\">Renov &lsquo; Fa\u00e7ades<\/a>,\u00a0<a title=\"Atelier- Galerie EB mosaiques\" href=\"http:\/\/www.ebmosaiques.com\/\" target=\"_blank\" rel=\"noopener\">Edith Barbiera, artiste mosaiste<\/a>,\u00a0<a title=\"villageafro.com\" href=\"http:\/\/www.villageafro.com\/\" target=\"_blank\" rel=\"noopener\">villageafro.com<\/a>,\u00a0<a title=\"photographe Grenoble \" href=\"http:\/\/www.nicolasterraes-photographie.fr\" target=\"_blank\" rel=\"noopener\">Photographe Grenoble<\/a><\/address>\n<div style=\"text-align: right;\"><span class=\"Apple-style-span\" style=\"font-size: 11px;\"><a href=\"http:\/\/www.photo-libre.fr\/\" target=\"_blank\" rel=\"noopener\">Photo libre<\/a><\/span><\/div>\n<div style=\"text-align: right;\"><span class=\"Apple-style-span\" style=\"font-size: 11px;\"><a href=\"http:\/\/www.wordpress-fr.net\/telechargements\/\" target=\"_blank\" rel=\"noopener\">WordPress<\/a><\/span><\/div>\n<div style=\"text-align: right;\"><span class=\"Apple-style-span\" style=\"font-size: 11px;\"><a href=\"http:\/\/www.activesearchresults.com\/\">Activesearchresults<\/a><\/span><\/div>\n<p style=\"text-align: right;\"><a style=\"font-size: 11px; text-align: right;\" title=\"Th\u00e8me Graph\u00e8ne pour WordPress\" href=\"http:\/\/wordpress.org\/themes\/graphene\">Th\u00e8me Graph\u00e8ne pour WordPress<\/a><\/p>\n<p><a title=\"Mercerie en ligne - BRODERIE D'ICI ET D'AILLEURS\" href=\"http:\/\/www.broderie-ici-ailleurs.com\"><img decoding=\"async\" loading=\"lazy\" class=\"alignleft\" style=\"border-width: 0px; width: 95px; height: 45px;\" src=\"http:\/\/www.broderie-ici-ailleurs.com\/images\/logo.gif\" alt=\" Mercerie en ligne - BRODERIE D'ICI ET D'AILLEURS \" width=\"90\" height=\"45\" \/><\/a><\/p>\n<div style=\"text-align: right;\"><span class=\"Apple-style-span\" style=\"font-size: 11px;\"><a href=\"http:\/\/transposh.org\/\">Traduction du site<\/a><\/span><\/div>\n<div style=\"text-align: right;\"><span class=\"Apple-style-span\" style=\"font-size: 11px;\"><a id=\"R67CC03\" href=\"http:\/\/www.he-directory.com\">HE Directory SEO Friendly and Human Edited<\/a><\/span><\/div>\n<div style=\"text-align: right;\"><span class=\"Apple-style-span\" style=\"font-size: 11px;\"><a href=\"http:\/\/www.theseoking.com\/\">The SEO King<\/a><\/span><\/div>\n<p><a href=\"http:\/\/www.ver2rev.fr\"><img decoding=\"async\" loading=\"lazy\" class=\"wp-image-1425 alignleft\" src=\"http:\/\/www.cadrenforme.com\/vitrine\/wp-content\/uploads\/2011\/04\/wp4fcd6bb1_01_06-300x173.jpg\" alt=\"cr\u00e9ation, gravure, peinture\" width=\"140\" height=\"81\" srcset=\"https:\/\/www.cadrenforme.com\/vitrine\/wp-content\/uploads\/2011\/04\/wp4fcd6bb1_01_06-300x173.jpg 300w, https:\/\/www.cadrenforme.com\/vitrine\/wp-content\/uploads\/2011\/04\/wp4fcd6bb1_01_06-150x86.jpg 150w, https:\/\/www.cadrenforme.com\/vitrine\/wp-content\/uploads\/2011\/04\/wp4fcd6bb1_01_06.jpg 510w\" sizes=\"(max-width: 140px) 100vw, 140px\" \/><\/a><\/p>\n<div style=\"text-align: right;\"><span class=\"Apple-style-span\" style=\"font-size: 11px;\"><a href=\"http:\/\/www.activesearchresults.com\/searchform.php\">Activesearchresults searchform<\/a><\/span><\/div>\n<div style=\"text-align: right;\"><span class=\"Apple-style-span\" style=\"font-size: 11px;\"><a href=\"http:\/\/www.w3-directory.com\/\">w3-directory<\/a><\/span><\/div>\n<div style=\"text-align: right;\"><span class=\"Apple-style-span\" style=\"font-size: 11px;\"><a title=\"chemin\u00e9es pour angle\" href=\"http:\/\/www.cheminee-andorre.com\/cheminees\/Cheminee-angle.html\" target=\"_blank\" rel=\"noopener\">Chemin\u00e9e Andorre<\/a><\/span><a href=\"http:\/\/www.emberiza.fr\" target=\"_blank\" rel=\"noopener\">\u00a0<\/a><\/div>\n<div style=\"text-align: right;\"><a href=\"http:\/\/www.emberiza.fr\" target=\"_blank\" rel=\"noopener\">Emberiza &#8211; Bijoux ambre et autres produits autour de l&rsquo;ambre<\/a><\/div>\n<div style=\"text-align: right;\"><a href=\"http:\/\/guygriffoulphotographe.com\" target=\"_blank\" rel=\"noopener\">Tirages d&rsquo;art, art-s\u00e9ries limit\u00e9es, grands formats<\/a><\/div>\n<div style=\"text-align: right;\"><a href=\"http:\/\/www.il-ou-elle.fr\">Vente de v\u00eatements\u00a0et d&rsquo;accessoires en ligne<\/a><\/div>\n<div style=\"text-align: right;\"><a href=\"http:\/\/www.sos-code-promo.com\/conforama.html\">Code promo conforama<\/a><\/div>\n<p><a title=\"thenifweb-creation-site\" href=\"http:\/\/www.thenifweb-creation-site.fr\/\"><img decoding=\"async\" class=\"alignleft\" style=\"font-size: 12px;\" title=\"banni\u00e8re publicitaire thenifweb cr\u00e9ation\" src=\"http:\/\/www.thenifweb-creation-site.fr\/banniere-pub.gif\" alt=\"banni\u00e8re publicitaire thenifweb cr\u00e9ation, la cr\u00e9ation et la gestion de votre site web \u00e0 petit budget\" \/><\/a><\/p>\n<div style=\"text-align: right;\"><a title=\"Une mani\u00e8re cr\u00e9ative de retrouver l'harmonie, la paix, la stabilit\u00e9 et la fluidit\u00e9 dans votre vie. Venez vous d\u00e9couvrir et faire ce voyage vers Soi...\" href=\"http:\/\/www.art-therapieceline.com\" target=\"&quot;_blank\">L&rsquo;Art-Th\u00e9rapie \u00c9volutive et l&rsquo;Atelier CREATIVieTE<\/a><\/div>\n<div style=\"text-align: right;\"><\/div>\n","protected":false},"excerpt":{"rendered":"<p>&nbsp; Pluie de cr\u00e9ations,\u00a0Reosign,\u00a0fontaine interieur,\u00a0cartouches et toners, Fontaine design interieur,\u00a0Lovisa paysagiste,\u00a0Renov &lsquo; Fa\u00e7ades,\u00a0Edith Barbiera, artiste mosaiste,\u00a0villageafro.com,\u00a0Photographe Grenoble Photo libre WordPress Activesearchresults Th\u00e8me Graph\u00e8ne pour WordPress Traduction du site HE Directory SEO Friendly and Human Edited The SEO King Activesearchresults searchform w3-directory Chemin\u00e9e Andorre\u00a0 Emberiza &#8211; Bijoux ambre et autres produits autour de l&rsquo;ambre Tirages d&rsquo;art, &hellip; <\/p>\n<p><a class=\"more-link btn\" href=\"https:\/\/www.cadrenforme.com\/vitrine\/liens\">Lire la suite<\/a><\/p>\n","protected":false},"author":1,"featured_media":0,"parent":0,"menu_order":0,"comment_status":"closed","ping_status":"closed","template":"","meta":{"footnotes":""},"_links":{"self":[{"href":"https:\/\/www.cadrenforme.com\/vitrine\/wp-json\/wp\/v2\/pages\/12"}],"collection":[{"href":"https:\/\/www.cadrenforme.com\/vitrine\/wp-json\/wp\/v2\/pages"}],"about":[{"href":"https:\/\/www.cadrenforme.com\/vitrine\/wp-json\/wp\/v2\/types\/page"}],"author":[{"embeddable":true,"href":"https:\/\/www.cadrenforme.com\/vitrine\/wp-json\/wp\/v2\/users\/1"}],"replies":[{"embeddable":true,"href":"https:\/\/www.cadrenforme.com\/vitrine\/wp-json\/wp\/v2\/comments?post=12"}],"version-history":[{"count":2,"href":"https:\/\/www.cadrenforme.com\/vitrine\/wp-json\/wp\/v2\/pages\/12\/revisions"}],"predecessor-version":[{"id":1800,"href":"https:\/\/www.cadrenforme.com\/vitrine\/wp-json\/wp\/v2\/pages\/12\/revisions\/1800"}],"wp:attachment":[{"href":"https:\/\/www.cadrenforme.com\/vitrine\/wp-json\/wp\/v2\/media?parent=12"}],"curies":[{"name":"wp","href":"https:\/\/api.w.org\/{rel}","templated":true}]}}