{"id":1225,"date":"2012-11-13T23:32:39","date_gmt":"2012-11-13T22:32:39","guid":{"rendered":"http:\/\/www.cadrenforme.com\/?page_id=1225"},"modified":"2021-05-03T20:01:06","modified_gmt":"2021-05-03T18:01:06","slug":"historique","status":"publish","type":"page","link":"https:\/\/www.cadrenforme.com\/vitrine\/historique","title":{"rendered":"Historique"},"content":{"rendered":"<p>Depuis 2013 nous axons notre visibilit\u00e9 sur le web, donc moins de temps pour les salons, cela permet entre autre de cr\u00e9er de nouvelles gammes et d&rsquo;ins\u00e9rer dans la gamme standard de nouveaux mod\u00e8les toujours plus complexes.<\/p>\n<p>Voici une liste des faits marquants concernant cadrenforme :<\/p>\n<ul>\n<li>1er juillet 2019 : d\u00e9m\u00e9nagement de l&rsquo;atelier sur Auray (12 rue Marc&rsquo;h du &#8211; 56400 &#8211; FRANCE)<\/li>\n<li>9 au 12 novembre 2012 : exposition au niveau -2 (Artisanat et d\u00e9coration) au salon de \u00ab\u00a0L&rsquo;art au quotidien\u00a0\u00bb au Vinci de Tours<\/li>\n<li>\u00a06 novembre 2012 : pr\u00e9sentation de cadrenforme dans l&rsquo;\u00e9mission \u00ab\u00a0Tout sur un plateau\u00a0\u00bb sur TV Tours. <a href=\"http:\/\/www.cadrenforme.com\/vitrine\/lart-au-quotidien\">(retrouvez la vid\u00e9o)<\/a><\/li>\n<li>d\u00e9cembre 2011 : exposition \u00e0 la Soci\u00e9t\u00e9 g\u00e9n\u00e9rale (suite \u00e0 la pr\u00e9sentation durant le salon \u00ab\u00a0L&rsquo;art au quotidien\u00a0\u00bb<\/li>\n<li>1er d\u00e9cembre 2011 : article dans la nouvelle r\u00e9publique afin d&rsquo;informer de la venue d&rsquo;un encadreur \u00e0 Amboise (<a style=\"font-size: inherit;\" title=\"article NR 2011\" href=\"http:\/\/www.cadrenforme.com\/vitrine\/article-nouvelle-republique-01122011\">retrouvez l&rsquo;article<\/a><span style=\"font-size: inherit;\">)<\/span><\/li>\n<li>11 au 14 novembre 2011 : exposition en tant qu&rsquo;invit\u00e9 \u00e0 \u00ab\u00a0L&rsquo;art au quotidien\u00a0\u00bb au Vinci de Tours pour la pr\u00e9sentation d&rsquo;une cr\u00e9ation, le cadre en forme de guitare (avec syst\u00e8me de r\u00e9tro-\u00e9clairage)<\/li>\n<li>Ao\u00fbt 2011 : \u00ab\u00a0Les samedis des Artistes\u00a0\u00bb, manifestation tous les samedis du mois d&rsquo;ao\u00fbt 2011 dans la rue Nationale, \u00e0 Amboise. Pr\u00e9sentation des nouveaut\u00e9s.<\/li>\n<li>1er mars 2011 : Ouverture de l&rsquo;atelier sur Amboise (<a href=\"https:\/\/www.lanouvellerepublique.fr\/amboise\/les-nouveautes-du-cote-des-enseignes-4\">retrouvez l&rsquo;article<\/a>)<\/li>\n<\/ul>\n","protected":false},"excerpt":{"rendered":"<p>Depuis 2013 nous axons notre visibilit\u00e9 sur le web, donc moins de temps pour les salons, cela permet entre autre de cr\u00e9er de nouvelles gammes et d&rsquo;ins\u00e9rer dans la gamme standard de nouveaux mod\u00e8les toujours plus complexes. Voici une liste des faits marquants concernant cadrenforme : 1er juillet 2019 : d\u00e9m\u00e9nagement de l&rsquo;atelier sur Auray &hellip; <\/p>\n<p><a class=\"more-link btn\" href=\"https:\/\/www.cadrenforme.com\/vitrine\/historique\">Lire la suite<\/a><\/p>\n","protected":false},"author":1,"featured_media":0,"parent":0,"menu_order":0,"comment_status":"closed","ping_status":"closed","template":"","meta":{"footnotes":""},"_links":{"self":[{"href":"https:\/\/www.cadrenforme.com\/vitrine\/wp-json\/wp\/v2\/pages\/1225"}],"collection":[{"href":"https:\/\/www.cadrenforme.com\/vitrine\/wp-json\/wp\/v2\/pages"}],"about":[{"href":"https:\/\/www.cadrenforme.com\/vitrine\/wp-json\/wp\/v2\/types\/page"}],"author":[{"embeddable":true,"href":"https:\/\/www.cadrenforme.com\/vitrine\/wp-json\/wp\/v2\/users\/1"}],"replies":[{"embeddable":true,"href":"https:\/\/www.cadrenforme.com\/vitrine\/wp-json\/wp\/v2\/comments?post=1225"}],"version-history":[{"count":6,"href":"https:\/\/www.cadrenforme.com\/vitrine\/wp-json\/wp\/v2\/pages\/1225\/revisions"}],"predecessor-version":[{"id":1834,"href":"https:\/\/www.cadrenforme.com\/vitrine\/wp-json\/wp\/v2\/pages\/1225\/revisions\/1834"}],"wp:attachment":[{"href":"https:\/\/www.cadrenforme.com\/vitrine\/wp-json\/wp\/v2\/media?parent=1225"}],"curies":[{"name":"wp","href":"https:\/\/api.w.org\/{rel}","templated":true}]}}