{"id":215,"date":"2011-04-22T19:37:47","date_gmt":"2011-04-22T17:37:47","guid":{"rendered":"http:\/\/www.cadrenforme.com\/?page_id=215"},"modified":"2021-05-09T03:21:46","modified_gmt":"2021-05-09T01:21:46","slug":"encadrement-sur-mesure","status":"publish","type":"page","link":"https:\/\/www.cadrenforme.com\/vitrine\/encadrement-sur-mesure","title":{"rendered":"Encadrement sur mesure"},"content":{"rendered":"<p>Nos tarifs de cadre sur mesure sont calcul\u00e9s sur la m\u00eame grille tarifaire que les cadres standards, nous n&rsquo;ajoutons de surco\u00fbt que pour les mod\u00e8les atypiques (forme complexe, &#8230;) pour lesquels nous faisons des devis avec plusieurs choix.<\/p>\n<p>Si vous souhaitez un cadre photo ou autre, envoyez nous la forme et les dimensions via ce formulaire, nous vous contacterons au plus vite. Ajoutez le plus de pr\u00e9cision possible afin que nous puissions r\u00e9pondre au mieux \u00e0 votre demande.<\/p>\n<p class=\"wpcf7-contact-form-not-found\"><strong>Erreur\u00a0:<\/strong> Formulaire de contact non trouv\u00e9\u00a0!<\/p>\n","protected":false},"excerpt":{"rendered":"<p>Nos tarifs de cadre sur mesure sont calcul\u00e9s sur la m\u00eame grille tarifaire que les cadres standards, nous n&rsquo;ajoutons de surco\u00fbt que pour les mod\u00e8les atypiques (forme complexe, &#8230;) pour lesquels nous faisons des devis avec plusieurs choix. Si vous souhaitez un cadre photo ou autre, envoyez nous la forme et les dimensions via ce &hellip; <\/p>\n<p><a class=\"more-link btn\" href=\"https:\/\/www.cadrenforme.com\/vitrine\/encadrement-sur-mesure\">Lire la suite<\/a><\/p>\n","protected":false},"author":1,"featured_media":0,"parent":0,"menu_order":0,"comment_status":"closed","ping_status":"closed","template":"","meta":{"footnotes":""},"_links":{"self":[{"href":"https:\/\/www.cadrenforme.com\/vitrine\/wp-json\/wp\/v2\/pages\/215"}],"collection":[{"href":"https:\/\/www.cadrenforme.com\/vitrine\/wp-json\/wp\/v2\/pages"}],"about":[{"href":"https:\/\/www.cadrenforme.com\/vitrine\/wp-json\/wp\/v2\/types\/page"}],"author":[{"embeddable":true,"href":"https:\/\/www.cadrenforme.com\/vitrine\/wp-json\/wp\/v2\/users\/1"}],"replies":[{"embeddable":true,"href":"https:\/\/www.cadrenforme.com\/vitrine\/wp-json\/wp\/v2\/comments?post=215"}],"version-history":[{"count":1,"href":"https:\/\/www.cadrenforme.com\/vitrine\/wp-json\/wp\/v2\/pages\/215\/revisions"}],"predecessor-version":[{"id":1873,"href":"https:\/\/www.cadrenforme.com\/vitrine\/wp-json\/wp\/v2\/pages\/215\/revisions\/1873"}],"wp:attachment":[{"href":"https:\/\/www.cadrenforme.com\/vitrine\/wp-json\/wp\/v2\/media?parent=215"}],"curies":[{"name":"wp","href":"https:\/\/api.w.org\/{rel}","templated":true}]}}