{"id":26,"date":"2011-04-15T03:38:15","date_gmt":"2011-04-15T01:38:15","guid":{"rendered":"http:\/\/sebastienlemesle.kegtux.org\/wordpress\/?page_id=26"},"modified":"2012-06-28T11:56:34","modified_gmt":"2012-06-28T09:56:34","slug":"informations","status":"publish","type":"page","link":"https:\/\/www.cadrenforme.com\/vitrine\/informations","title":{"rendered":"Informations"},"content":{"rendered":"<p>Tous nos cadres sont r\u00e9alis\u00e9s avec des baguettes en bois, et une protection plus r\u00e9sistante que le verre afin d&rsquo;\u00e9viter tout \u00e9clatement et ainsi pr\u00e9venir des risques encourus. Ils ont aussi une forte r\u00e9sistance aux UV ce qui ralentira fortement le jaunissement de vos oeuvres.<br \/>\nNos passe-partout (marie louise) sont r\u00e9alis\u00e9s avec un carton pH neutre de qualit\u00e9 sup\u00e9rieur.<\/p>\n<p>Pour toute information compl\u00e9mentaire veuillez vous diriger vers la page \u00ab\u00a0Nous contacter\u00a0\u00bb, nous nous ferons un plaisir de r\u00e9pondre \u00e0 toutes vos questions.<\/p>\n<p>Toute copie du contenu du site ou des images expos\u00e9es est interdite, pour toute question s&rsquo;adresser au webmaster \u00e0 l&rsquo;adresse contact@cadrenforme.com<\/p>\n","protected":false},"excerpt":{"rendered":"<p>Tous nos cadres sont r\u00e9alis\u00e9s avec des baguettes en bois, et une protection plus r\u00e9sistante que le verre afin d&rsquo;\u00e9viter tout \u00e9clatement et ainsi pr\u00e9venir des risques encourus. Ils ont aussi une forte r\u00e9sistance aux UV ce qui ralentira fortement le jaunissement de vos oeuvres. Nos passe-partout (marie louise) sont r\u00e9alis\u00e9s avec un carton pH &hellip; <\/p>\n<p><a class=\"more-link btn\" href=\"https:\/\/www.cadrenforme.com\/vitrine\/informations\">Lire la suite<\/a><\/p>\n","protected":false},"author":1,"featured_media":0,"parent":0,"menu_order":0,"comment_status":"closed","ping_status":"closed","template":"","meta":{"footnotes":""},"_links":{"self":[{"href":"https:\/\/www.cadrenforme.com\/vitrine\/wp-json\/wp\/v2\/pages\/26"}],"collection":[{"href":"https:\/\/www.cadrenforme.com\/vitrine\/wp-json\/wp\/v2\/pages"}],"about":[{"href":"https:\/\/www.cadrenforme.com\/vitrine\/wp-json\/wp\/v2\/types\/page"}],"author":[{"embeddable":true,"href":"https:\/\/www.cadrenforme.com\/vitrine\/wp-json\/wp\/v2\/users\/1"}],"replies":[{"embeddable":true,"href":"https:\/\/www.cadrenforme.com\/vitrine\/wp-json\/wp\/v2\/comments?post=26"}],"version-history":[{"count":0,"href":"https:\/\/www.cadrenforme.com\/vitrine\/wp-json\/wp\/v2\/pages\/26\/revisions"}],"wp:attachment":[{"href":"https:\/\/www.cadrenforme.com\/vitrine\/wp-json\/wp\/v2\/media?parent=26"}],"curies":[{"name":"wp","href":"https:\/\/api.w.org\/{rel}","templated":true}]}}